{"id":3671,"date":"2012-04-11T11:09:39","date_gmt":"2012-04-11T15:09:39","guid":{"rendered":"http:\/\/www.lordandrei.com\/blog\/?page_id=3671"},"modified":"2012-04-11T11:09:39","modified_gmt":"2012-04-11T15:09:39","slug":"pgp-key","status":"publish","type":"page","link":"http:\/\/www.lordandrei.com\/blog\/pgp-key\/","title":{"rendered":"PGP Key"},"content":{"rendered":"<p>I&#8217;ve opted to start using PGP (or more correctly GPG) again.<\/p>\n<p>So, below is my public key in raw text format.<\/p>\n<p>I will be looking to meet people to sign this key.<\/p>\n<p>Enjoy.<\/p>\n<p>Andrei Freeman &lt; \u00e5\u00f1\u00f0\u0155\u00e9\u00ee\u2003(at)\u2003\u013c\u00f6\u0155\u00f0\u00e5\u00f1\u00f0\u0155\u00e9\u00ee\u2003(dot)\u2003\u00e7\u00f6\u0271\u2003&gt;<\/p>\n<pre>-----BEGIN PGP PUBLIC KEY BLOCK-----\r\nVersion: GnuPG\/MacGPG2 v2.0.17 (Darwin)\r\nComment: GPGTools - http:\/\/gpgtools.org\r\n\r\nmQINBE+EdGYBEACrbUPldCcSO5ogqSUsn8mr+ofvjPqbf\/FjD7rle24C+baOZ70Z\r\nlxmC7FJUztmZ7StgJtuX5sj68UKaAZ+uWA+sYiMaRkNJpkuhg2s9ONHl2K8ayayE\r\noWzVcsFDqDkT+r387FhccyGOyrRZSecDHc2KMpa6f1RPFiu18OLu4TZfjvNJDgZZ\r\nc2hvMOd1lNUT7mRGPwXaOxe4FyRz3J0efabHO196UJQr+bnbLaNplVkAUzGptj1h\r\nxrJAxr+nCniUtXox9JYPsxkgffIIXuMFU0MnsYH0avgC5XwpgcOTrUuzaiwbLm4v\r\nQzoCDR38DAC6CfiljZHa0qhQiRzkItRv\/bB8jttyqcWVc4bpiYf7RchGAcjI6wMy\r\n8iEVeymt+Fs3FvjhpEOyvM17Sqz0o3YMnZH5gNLP1KJq28\/D5PhRRMgB9t4m3ZdQ\r\nePL2lBF3gatp577N39uL4CDr2NdJi1boGff\/JaIlyTTgIKydxTabt9qeKr3rGcfx\r\nZ9zoTrhGfgPle+yMGpmDtGBcPMrVNe3SVv1JB2EdGHlGcvQnd1bold+\/qKwrRimA\r\nzyLExPY9MDvEubmm1hXlsH1k0wZtXI5KnAf\/efT8sxlWOEU78NvDp6Aolux+jNrF\r\ncPnFZIItxi9qMhklEdMTCj21Lgdq15UhB3NK4IRwuWBl0bpcJkWE4BV\/mQARAQAB\r\ntDVBbmRyZWkgRnJlZW1hbiAoUGVyc29uYWwgS2V5KSA8YW5kcmVpQGxvcmRhbmRy\r\nZWkuY29tPokCPgQTAQIAKAUCT4R0ZgIbLwUJA8JnAAYLCQgHAwIGFQgCCQoLBBYC\r\nAwECHgECF4AACgkQlqu5qr1UyXHGeBAAqtIy44AdiS\/zHdzut3s361dyE4Y8NwU7\r\nv1n5Wo3kuY+uqdXaHP0eaATCVe5G2nYVO2QLR5H1yGdv5ltlUqQfvoaMROmIc\/nh\r\no7BkHPXjj1Y1U36QwiqDdzhxtpEAQtyM7DC3PMcp24WIuXX5\/uTn6vF8OiPN1Zyb\r\nROd91FGtMD5qbngEs\/6zpgQ1r+BJAo\/u6\/2vG5LYVnN0XpEypwfIe4WYWW7LlH5v\r\nbndqr4aD+sSVy\/M3\/WOh+xNSh0f\/GK1NUFNvU78oYF6mBmIvFYNboWpHanMhGl77\r\nUhAlGaPJeJJRStdwffySFGMIlhJCLg0gZdVR+yFym7qoix+9oCRy8aWcFp\/8jLGG\r\nP5lDUDnWlVbofYXsrxCx7PYd4v3n0MMM6Ke4EG8OdxDonhYlmczJry6S+8CwAku8\r\nFnRn\/RDqOEQRdrgipKW3HUGEGAVf21aki+Nx3kMpotLJTkjIRG\/xVGnpDxhPe+U0\r\nQQGppcqaYNdEXzCHotGzhuTcvaO+XNNDgMimvBrCVj2yWqS6+LXVyxQsS9Nyoxud\r\nIa6TS89RodYTaAU\/GQiOrYZQa8TsC6FBBQJ7+sUem8tqyo1r8TJYbCb1DbeJzsqN\r\nRZocGc9+S5OGv7o72sxGN+SSZaqaLQfXjybGhlPtEn2KzyZH33JMqWbHlqLgN\/Ij\r\naf7usBEuPJi5Ag0ET4R0ZgEQALKb6KiwVBNihbweCKLfgk9uInWCaaq3n0k4GhXn\r\n\/8zosBH1WrNtTPNaWxraJFJOqptCn\/yTXAq1rNiWw1O5qksvHC6fqccsVTzx\/L1G\r\nsoYrwxYveSevrfRPntHMje0S+KSzHMbOcPrM09ae\/3sC1dYAIvEe0FcfwlnoTIIT\r\n1g5IKzSO0FrYCACTQzC9JpG1hki2e3sJoP3Lx6wniK\/Z3YZGEVw89Nxrg96Kwh0H\r\nnp0xPM90Fn02XJHXN5es0CrfieOxHvqj74KdoZUoHAePfgQn+VFF6xPEkblO\/NaM\r\nlKhaCsIvVsjSZy8otD3w+EyJHml2pDIS3Zqt702p2zoFnjuf0aJ6uOnlnGVG\/lZz\r\nSorXNv+AiR0zuR5GCO2Tyt9c+nAOcf\/tn4XKErp6hLnccVuVGYZPKnmYXvV4V\/mt\r\nJM9JDRBdyy+sBQeNYtzKfYxb7E1EAMkgndpLF8FSpWsmLR3cnr9YECmL7HmvTzJI\r\n9XtGdLuZbjJ1IZyv1n7jnHSYIj27ueAXkg5UcpX5j2xJLYAXS8PLC90nfNZ70\/sy\r\n0\/RtRmWaCmgTR1haCQgvdiLBLKpGYMMy9zElD4\/UQBOsJ45VAJt0+5FqDWQjMak0\r\njTeSKI0CLHWAZ6gh84OG\/UVTBKVUnTL4jTHzw1kuknJ58Yc85Fr5moV3X31geKwd\r\nuYRxABEBAAGJBEQEGAECAA8FAk+EdGYCGy4FCQPCZwACKQkQlqu5qr1UyXHBXSAE\r\nGQECAAYFAk+EdGYACgkQDRlw7UyS\/32lAQ\/\/bwOwv5D3CqgEJXtdemKNl6ALCAmv\r\nBgYg9ooWnW95HDQWENBTo9iCHmKm2mrkYM0PHnBKUnbHUVb8zGE1Clx0PiN3CL9i\r\nptY3TVH1Q\/0aU7fncUF6NgqSmyjQF1Lpwcs4TVVTNtimLmX8Ktt3A8eNp99JyZev\r\nKXkx9PudXnsZLsP094SHDa4RMQGIp1nvGnR\/tqbbakhdkUpKTIjhUq6W0M03oc79\r\nf9lxdQjVRw\/FsQiMjRaoIFJ4i5OSBsET5BeFhitIDyeddriwLFnYpw4FNXO72uVH\r\nXNILZrh8vKaOSDauR0D8\/CWAp15ez+SEHgB4eA59brZdQRIR96Qc9GSrjKDq4Hgn\r\nR28A0lWCV9B3kzcNx2LPEAIvCMqLWprOEj\/gZ\/LJMqiMtCX+NeNmGWLVj49IaglS\r\nt7IjOVA7ClFzZKAw+dQN6e4nLjJBhjJEMp6EeYC0gWqF8v2kcopu1XRT9soPmqvo\r\nQsPeJTlKQmVNsIpnpIZFDH5F+P7fxakgGFL2fBusgYKwip3CcRjNU9G81Vzf5SiL\r\nsrXn+yIsmgMN1osd782MhH2gn24uMc3NbtQ+xpn5htcZAeFwTwvahWOtOYJ\/WfR\/\r\nFZSkRpALVcLyNJVZqgkP3Xz4+7M5GyRi0zrWDKTM3vxdn\/YmhQ0YujEx3PfelVzP\r\nkb4zNlC+LAZtF1e6Ug\/\/W3TFgYDtis\/wt\/PxWI3Q8WfSbpdaVHpgiZLi8fK7UJ28\r\nzK4MAYP1yt0eFxHoJYrmzHkGxfmsvoJvxAHFkvvkVMlEUG9jSSQHP3bDVIiI9z1g\r\nM2kOIElIt9WWkeWMNI+P2sX0eGIk9uDeJnHdh+hKOzhsPtZm3MMmBfQEk9O1s8Xf\r\n12OsL9TrBInZMjmgo0yKv2D5j4WKV1pms9cUnontkc\/xsSDcmgwxEDUJT+hPAH+D\r\nGXGWHytCZk1VXzr8Iou37+mZRI\/WE97KkoPjqT+fiNmi4iOWcJmu0NXQy0yeZsoX\r\nUJyd0cCXey6Ay9yRoUSNC2DQDMyvsN8a6Kyrm7hX1M79ChfC9Qul1cz3Icv\/QpgK\r\nMctiFo\/OH+WSaidoOgnhnsZD\/Hngrtf8CAwGhwgG\/OECTAH4uh40d\/Pc+efQVNX\/\r\nSU1J3+WVEOf6CD2kPxdtE12cOBFWicB\/cUoEzkoMsiQQV787uLAlE1SE4j3sfm4k\r\nRszG2IHb0\/2SL\/eHepDNSPgcY8jOf\/bA27b9p5gVJhyo5SQrjhqT2g7Jm6qxZRiT\r\nRxIwqtsmiCbz+yeKu7P+nb8hqXw264WkL8ODr9qOnTDdAGW4ce0DR9hzdNEDcCaJ\r\n0+LlbSZyhwm4EPQKbdCTIhxjN5A8dDK7qWQpVv125ma8\/lvGEHMqFT8054nC6kM=\r\n=sYZo\r\n-----END PGP PUBLIC KEY BLOCK-----<\/pre>\n<div class=\"sharedaddy sd-sharing-enabled\"><div class=\"robots-nocontent sd-block sd-social sd-social-icon sd-sharing\"><h3 class=\"sd-title\">Share this:<\/h3><div class=\"sd-content\"><ul><li class=\"share-facebook\"><a rel=\"nofollow noopener noreferrer\" data-shared=\"sharing-facebook-3671\" class=\"share-facebook sd-button share-icon no-text\" href=\"http:\/\/www.lordandrei.com\/blog\/pgp-key\/?share=facebook\" target=\"_blank\" title=\"Click to share on Facebook\" ><span><\/span><span class=\"sharing-screen-reader-text\">Click to share on Facebook (Opens in new window)<\/span><\/a><\/li><li class=\"share-twitter\"><a rel=\"nofollow noopener noreferrer\" data-shared=\"sharing-twitter-3671\" class=\"share-twitter sd-button share-icon no-text\" href=\"http:\/\/www.lordandrei.com\/blog\/pgp-key\/?share=twitter\" target=\"_blank\" title=\"Click to share on Twitter\" ><span><\/span><span class=\"sharing-screen-reader-text\">Click to share on Twitter (Opens in new window)<\/span><\/a><\/li><li class=\"share-pinterest\"><a rel=\"nofollow noopener noreferrer\" data-shared=\"sharing-pinterest-3671\" class=\"share-pinterest sd-button share-icon no-text\" href=\"http:\/\/www.lordandrei.com\/blog\/pgp-key\/?share=pinterest\" target=\"_blank\" title=\"Click to share on Pinterest\" ><span><\/span><span class=\"sharing-screen-reader-text\">Click to share on Pinterest (Opens in new window)<\/span><\/a><\/li><li class=\"share-tumblr\"><a rel=\"nofollow noopener noreferrer\" data-shared=\"\" class=\"share-tumblr sd-button share-icon no-text\" href=\"http:\/\/www.lordandrei.com\/blog\/pgp-key\/?share=tumblr\" target=\"_blank\" title=\"Click to share on Tumblr\" ><span><\/span><span class=\"sharing-screen-reader-text\">Click to share on Tumblr (Opens in new window)<\/span><\/a><\/li><li class=\"share-end\"><\/li><\/ul><\/div><\/div><\/div>","protected":false},"excerpt":{"rendered":"<p>I&#8217;ve opted to start using PGP (or more correctly GPG) again. So, below is my public key in raw text format. I will be looking to meet people to sign this key. Enjoy. Andrei Freeman &lt; \u00e5\u00f1\u00f0\u0155\u00e9\u00ee\u2003(at)\u2003\u013c\u00f6\u0155\u00f0\u00e5\u00f1\u00f0\u0155\u00e9\u00ee\u2003(dot)\u2003\u00e7\u00f6\u0271\u2003&gt; &#8212;&#8211;BEGIN PGP PUBLIC KEY BLOCK&#8212;&#8211; Version: GnuPG\/MacGPG2 v2.0.17 (Darwin) Comment: GPGTools &#8211; http:\/\/gpgtools.org mQINBE+EdGYBEACrbUPldCcSO5ogqSUsn8mr+ofvjPqbf\/FjD7rle24C+baOZ70Z lxmC7FJUztmZ7StgJtuX5sj68UKaAZ+uWA+sYiMaRkNJpkuhg2s9ONHl2K8ayayE oWzVcsFDqDkT+r387FhccyGOyrRZSecDHc2KMpa6f1RPFiu18OLu4TZfjvNJDgZZ c2hvMOd1lNUT7mRGPwXaOxe4FyRz3J0efabHO196UJQr+bnbLaNplVkAUzGptj1h xrJAxr+nCniUtXox9JYPsxkgffIIXuMFU0MnsYH0avgC5XwpgcOTrUuzaiwbLm4v [&hellip;]<\/p>\n<div class=\"sharedaddy sd-sharing-enabled\"><div class=\"robots-nocontent sd-block sd-social sd-social-icon sd-sharing\"><h3 class=\"sd-title\">Share this:<\/h3><div class=\"sd-content\"><ul><li class=\"share-facebook\"><a rel=\"nofollow noopener noreferrer\" data-shared=\"sharing-facebook-3671\" class=\"share-facebook sd-button share-icon no-text\" href=\"http:\/\/www.lordandrei.com\/blog\/pgp-key\/?share=facebook\" target=\"_blank\" title=\"Click to share on Facebook\" ><span><\/span><span class=\"sharing-screen-reader-text\">Click to share on Facebook (Opens in new window)<\/span><\/a><\/li><li class=\"share-twitter\"><a rel=\"nofollow noopener noreferrer\" data-shared=\"sharing-twitter-3671\" class=\"share-twitter sd-button share-icon no-text\" href=\"http:\/\/www.lordandrei.com\/blog\/pgp-key\/?share=twitter\" target=\"_blank\" title=\"Click to share on Twitter\" ><span><\/span><span class=\"sharing-screen-reader-text\">Click to share on Twitter (Opens in new window)<\/span><\/a><\/li><li class=\"share-pinterest\"><a rel=\"nofollow noopener noreferrer\" data-shared=\"sharing-pinterest-3671\" class=\"share-pinterest sd-button share-icon no-text\" href=\"http:\/\/www.lordandrei.com\/blog\/pgp-key\/?share=pinterest\" target=\"_blank\" title=\"Click to share on Pinterest\" ><span><\/span><span class=\"sharing-screen-reader-text\">Click to share on Pinterest (Opens in new window)<\/span><\/a><\/li><li class=\"share-tumblr\"><a rel=\"nofollow noopener noreferrer\" data-shared=\"\" class=\"share-tumblr sd-button share-icon no-text\" href=\"http:\/\/www.lordandrei.com\/blog\/pgp-key\/?share=tumblr\" target=\"_blank\" title=\"Click to share on Tumblr\" ><span><\/span><span class=\"sharing-screen-reader-text\">Click to share on Tumblr (Opens in new window)<\/span><\/a><\/li><li class=\"share-end\"><\/li><\/ul><\/div><\/div><\/div>","protected":false},"author":2,"featured_media":0,"parent":0,"menu_order":0,"comment_status":"open","ping_status":"open","template":"","meta":{"_exactmetrics_skip_tracking":false,"_exactmetrics_sitenote_active":false,"_exactmetrics_sitenote_note":"","_exactmetrics_sitenote_category":0},"jetpack_shortlink":"https:\/\/wp.me\/P1X6ba-Xd","jetpack_sharing_enabled":true,"_links":{"self":[{"href":"http:\/\/www.lordandrei.com\/blog\/wp-json\/wp\/v2\/pages\/3671"}],"collection":[{"href":"http:\/\/www.lordandrei.com\/blog\/wp-json\/wp\/v2\/pages"}],"about":[{"href":"http:\/\/www.lordandrei.com\/blog\/wp-json\/wp\/v2\/types\/page"}],"author":[{"embeddable":true,"href":"http:\/\/www.lordandrei.com\/blog\/wp-json\/wp\/v2\/users\/2"}],"replies":[{"embeddable":true,"href":"http:\/\/www.lordandrei.com\/blog\/wp-json\/wp\/v2\/comments?post=3671"}],"version-history":[{"count":4,"href":"http:\/\/www.lordandrei.com\/blog\/wp-json\/wp\/v2\/pages\/3671\/revisions"}],"predecessor-version":[{"id":3676,"href":"http:\/\/www.lordandrei.com\/blog\/wp-json\/wp\/v2\/pages\/3671\/revisions\/3676"}],"wp:attachment":[{"href":"http:\/\/www.lordandrei.com\/blog\/wp-json\/wp\/v2\/media?parent=3671"}],"curies":[{"name":"wp","href":"https:\/\/api.w.org\/{rel}","templated":true}]}}